{"id":31,"date":"2022-11-10T14:03:44","date_gmt":"2022-11-10T14:03:44","guid":{"rendered":"https:\/\/robinia.websitevoor.nl\/?page_id=31"},"modified":"2023-09-26T08:06:07","modified_gmt":"2023-09-26T08:06:07","slug":"home","status":"publish","type":"page","link":"https:\/\/www.rfos.eu\/en\/","title":{"rendered":"Your personal trusted financial expert"},"content":{"rendered":"<h2>We go further than your current financial service provider(s) on many fronts<\/h2>\n<p>Personal services provided by financial institutions to their clients are increasingly getting outdated. Resulting in little or no relevant attention for their customers and solely offering them their own standardized financial solutions.<\/p>\n<p>Robinia is an independent multi-family office based in the Netherlands. We assist high-net-worth individuals and families in making financial decisions.<\/p>","protected":false},"excerpt":{"rendered":"<p>Wij gaan op vele fronten verder dan uw huidige financi\u00eble dienstverlener(s) Persoonlijke dienstverlening door financi\u00eble instellingen aan hun cli\u00ebnten raakt steeds meer achterhaald. Gevolg weinig tot geen relevante aandacht voor de klant en het uitsluitend nog aanbieden van vaak eigen gestandaardiseerde financi\u00eble oplossingen. Robinia is een onafhankelijke multi-family office gezeteld in Nederland. Wij begeleiden vermogende [&hellip;]<\/p>","protected":false},"author":4,"featured_media":0,"parent":0,"menu_order":0,"comment_status":"closed","ping_status":"closed","template":"tpl_homepage.php","meta":{"_acf_changed":false,"inline_featured_image":false,"footnotes":""},"class_list":["post-31","page","type-page","status-publish","hentry"],"acf":[],"yoast_head":"<!-- This site is optimized with the Yoast SEO plugin v26.1.1 - https:\/\/yoast.com\/wordpress\/plugins\/seo\/ -->\n<title>Uw eigen persoonlijke financi\u00eble expert - Robinia Family office services<\/title>\n<meta name=\"robots\" content=\"index, follow, max-snippet:-1, max-image-preview:large, max-video-preview:-1\" \/>\n<link rel=\"canonical\" href=\"https:\/\/www.rfos.eu\/en\/\" \/>\n<meta property=\"og:locale\" content=\"en_GB\" \/>\n<meta property=\"og:type\" content=\"article\" \/>\n<meta property=\"og:title\" content=\"Uw eigen persoonlijke financi\u00eble expert - Robinia Family office services\" \/>\n<meta property=\"og:description\" content=\"Wij gaan op vele fronten verder dan uw huidige financi\u00eble dienstverlener(s) Persoonlijke dienstverlening door financi\u00eble instellingen aan hun cli\u00ebnten raakt steeds meer achterhaald. Gevolg weinig tot geen relevante aandacht voor de klant en het uitsluitend nog aanbieden van vaak eigen gestandaardiseerde financi\u00eble oplossingen. Robinia is een onafhankelijke multi-family office gezeteld in Nederland. Wij begeleiden vermogende [&hellip;]\" \/>\n<meta property=\"og:url\" content=\"https:\/\/www.rfos.eu\/en\/\" \/>\n<meta property=\"og:site_name\" content=\"Robinia Family office services\" \/>\n<meta property=\"article:modified_time\" content=\"2023-09-26T08:06:07+00:00\" \/>\n<meta name=\"twitter:card\" content=\"summary_large_image\" \/>\n<meta name=\"twitter:label1\" content=\"Estimated reading time\" \/>\n\t<meta name=\"twitter:data1\" content=\"1 minute\" \/>\n<script type=\"application\/ld+json\" class=\"yoast-schema-graph\">{\"@context\":\"https:\/\/schema.org\",\"@graph\":[{\"@type\":\"WebPage\",\"@id\":\"https:\/\/www.rfos.eu\/\",\"url\":\"https:\/\/www.rfos.eu\/\",\"name\":\"Uw eigen persoonlijke financi\u00eble expert - Robinia Family office services\",\"isPartOf\":{\"@id\":\"https:\/\/www.rfos.eu\/#website\"},\"datePublished\":\"2022-11-10T14:03:44+00:00\",\"dateModified\":\"2023-09-26T08:06:07+00:00\",\"breadcrumb\":{\"@id\":\"https:\/\/www.rfos.eu\/#breadcrumb\"},\"inLanguage\":\"en-GB\",\"potentialAction\":[{\"@type\":\"ReadAction\",\"target\":[\"https:\/\/www.rfos.eu\/\"]}]},{\"@type\":\"BreadcrumbList\",\"@id\":\"https:\/\/www.rfos.eu\/#breadcrumb\",\"itemListElement\":[{\"@type\":\"ListItem\",\"position\":1,\"name\":\"Home\",\"item\":\"https:\/\/www.rfos.eu\/\"},{\"@type\":\"ListItem\",\"position\":2,\"name\":\"Uw eigen persoonlijke financi\u00eble expert\"}]},{\"@type\":\"WebSite\",\"@id\":\"https:\/\/www.rfos.eu\/#website\",\"url\":\"https:\/\/www.rfos.eu\/\",\"name\":\"Robinia Family office services\",\"description\":\"Family office services\",\"potentialAction\":[{\"@type\":\"SearchAction\",\"target\":{\"@type\":\"EntryPoint\",\"urlTemplate\":\"https:\/\/www.rfos.eu\/?s={search_term_string}\"},\"query-input\":{\"@type\":\"PropertyValueSpecification\",\"valueRequired\":true,\"valueName\":\"search_term_string\"}}],\"inLanguage\":\"en-GB\"}]}<\/script>\n<!-- \/ Yoast SEO plugin. -->","yoast_head_json":{"title":"Uw eigen persoonlijke financi\u00eble expert - Robinia Family office services","robots":{"index":"index","follow":"follow","max-snippet":"max-snippet:-1","max-image-preview":"max-image-preview:large","max-video-preview":"max-video-preview:-1"},"canonical":"https:\/\/www.rfos.eu\/en\/","og_locale":"en_GB","og_type":"article","og_title":"Uw eigen persoonlijke financi\u00eble expert - Robinia Family office services","og_description":"Wij gaan op vele fronten verder dan uw huidige financi\u00eble dienstverlener(s) Persoonlijke dienstverlening door financi\u00eble instellingen aan hun cli\u00ebnten raakt steeds meer achterhaald. Gevolg weinig tot geen relevante aandacht voor de klant en het uitsluitend nog aanbieden van vaak eigen gestandaardiseerde financi\u00eble oplossingen. Robinia is een onafhankelijke multi-family office gezeteld in Nederland. Wij begeleiden vermogende [&hellip;]","og_url":"https:\/\/www.rfos.eu\/en\/","og_site_name":"Robinia Family office services","article_modified_time":"2023-09-26T08:06:07+00:00","twitter_card":"summary_large_image","twitter_misc":{"Estimated reading time":"1 minute"},"schema":{"@context":"https:\/\/schema.org","@graph":[{"@type":"WebPage","@id":"https:\/\/www.rfos.eu\/","url":"https:\/\/www.rfos.eu\/","name":"Uw eigen persoonlijke financi\u00eble expert - Robinia Family office services","isPartOf":{"@id":"https:\/\/www.rfos.eu\/#website"},"datePublished":"2022-11-10T14:03:44+00:00","dateModified":"2023-09-26T08:06:07+00:00","breadcrumb":{"@id":"https:\/\/www.rfos.eu\/#breadcrumb"},"inLanguage":"en-GB","potentialAction":[{"@type":"ReadAction","target":["https:\/\/www.rfos.eu\/"]}]},{"@type":"BreadcrumbList","@id":"https:\/\/www.rfos.eu\/#breadcrumb","itemListElement":[{"@type":"ListItem","position":1,"name":"Home","item":"https:\/\/www.rfos.eu\/"},{"@type":"ListItem","position":2,"name":"Uw eigen persoonlijke financi\u00eble expert"}]},{"@type":"WebSite","@id":"https:\/\/www.rfos.eu\/#website","url":"https:\/\/www.rfos.eu\/","name":"Robinia Family office services","description":"Family office services","potentialAction":[{"@type":"SearchAction","target":{"@type":"EntryPoint","urlTemplate":"https:\/\/www.rfos.eu\/?s={search_term_string}"},"query-input":{"@type":"PropertyValueSpecification","valueRequired":true,"valueName":"search_term_string"}}],"inLanguage":"en-GB"}]}},"_links":{"self":[{"href":"https:\/\/www.rfos.eu\/en\/wp-json\/wp\/v2\/pages\/31","targetHints":{"allow":["GET"]}}],"collection":[{"href":"https:\/\/www.rfos.eu\/en\/wp-json\/wp\/v2\/pages"}],"about":[{"href":"https:\/\/www.rfos.eu\/en\/wp-json\/wp\/v2\/types\/page"}],"author":[{"embeddable":true,"href":"https:\/\/www.rfos.eu\/en\/wp-json\/wp\/v2\/users\/4"}],"replies":[{"embeddable":true,"href":"https:\/\/www.rfos.eu\/en\/wp-json\/wp\/v2\/comments?post=31"}],"version-history":[{"count":18,"href":"https:\/\/www.rfos.eu\/en\/wp-json\/wp\/v2\/pages\/31\/revisions"}],"predecessor-version":[{"id":196,"href":"https:\/\/www.rfos.eu\/en\/wp-json\/wp\/v2\/pages\/31\/revisions\/196"}],"wp:attachment":[{"href":"https:\/\/www.rfos.eu\/en\/wp-json\/wp\/v2\/media?parent=31"}],"curies":[{"name":"wp","href":"https:\/\/api.w.org\/{rel}","templated":true}]}}